{"id":398,"date":"2025-05-23T10:23:35","date_gmt":"2025-05-23T08:23:35","guid":{"rendered":"https:\/\/www.cosillum.com\/?page_id=398"},"modified":"2025-07-09T07:26:03","modified_gmt":"2025-07-09T05:26:03","slug":"accessibilitat","status":"publish","type":"page","link":"https:\/\/www.cosillum.com\/es\/accessibilitat\/","title":{"rendered":"Accesibilidad"},"content":{"rendered":"<p>[et_pb_section fb_built=&#8221;1&#8243; module_id=&#8221;entrenaments&#8221; module_class=&#8221;entrenaments&#8221; _builder_version=&#8221;4.27.4&#8243; _module_preset=&#8221;default&#8221; background_color=&#8221;#D4AF8C&#8221; background_enable_image=&#8221;off&#8221; custom_padding=&#8221;90px||90px||true|&#8221; top_divider_color=&#8221;#ede4dd&#8221; bottom_divider_style=&#8221;ramp2&#8243; bottom_divider_color=&#8221;#eae0da&#8221; hover_enabled=&#8221;0&#8243; global_colors_info=&#8221;{}&#8221; sticky_enabled=&#8221;0&#8243;][et_pb_row _builder_version=&#8221;4.27.4&#8243; _module_preset=&#8221;default&#8221; width=&#8221;100%&#8221; max_width=&#8221;1200px&#8221; module_alignment=&#8221;center&#8221; global_colors_info=&#8221;{}&#8221;][et_pb_column type=&#8221;4_4&#8243; _builder_version=&#8221;4.27.4&#8243; _module_preset=&#8221;default&#8221; global_colors_info=&#8221;{}&#8221;][et_pb_text _builder_version=&#8221;4.27.4&#8243; _module_preset=&#8221;default&#8221; text_font=&#8221;&#8211;et_global_body_font||||||||&#8221; text_text_color=&#8221;#FFFFFF&#8221; text_font_size=&#8221;19px&#8221; text_line_height=&#8221;1.3em&#8221; background_enable_color=&#8221;off&#8221; text_orientation=&#8221;center&#8221; background_layout=&#8221;dark&#8221; custom_margin=&#8221;||9px||false|false&#8221; custom_padding=&#8221;|19px||||&#8221; global_colors_info=&#8221;{}&#8221;]<\/p>\n<p>Cosillum, Entrenamiento Consciente<\/p>\n<p>[\/et_pb_text][et_pb_heading title=&#8221;@ET-DC@eyJkeW5hbWljIjp0cnVlLCJjb250ZW50IjoicG9zdF90aXRsZSIsInNldHRpbmdzIjp7ImJlZm9yZSI6IiIsImFmdGVyIjoiIn19@&#8221; _builder_version=&#8221;4.27.4&#8243; _dynamic_attributes=&#8221;title&#8221; _module_preset=&#8221;default&#8221; title_font=&#8221;Butler Medium||||||||&#8221; title_text_align=&#8221;center&#8221; title_text_color=&#8221;#FFFFFF&#8221; title_font_size=&#8221;40px&#8221; title_line_height=&#8221;1.1em&#8221; custom_margin=&#8221;-1px||7px|||&#8221; custom_padding=&#8221;|2px|1px|||&#8221; global_colors_info=&#8221;{}&#8221;][\/et_pb_heading][\/et_pb_column][\/et_pb_row][\/et_pb_section][et_pb_section fb_built=&#8221;1&#8243; _builder_version=&#8221;4.27.4&#8243; _module_preset=&#8221;default&#8221; background_color=&#8221;#eae0da&#8221; custom_padding=&#8221;|25px||25px|false|true&#8221; hover_enabled=&#8221;0&#8243; global_colors_info=&#8221;{}&#8221; sticky_enabled=&#8221;0&#8243;][et_pb_row _builder_version=&#8221;4.27.4&#8243; _module_preset=&#8221;default&#8221; width=&#8221;100%&#8221; max_width=&#8221;1200px&#8221; global_colors_info=&#8221;{}&#8221;][et_pb_column type=&#8221;4_4&#8243; _builder_version=&#8221;4.27.4&#8243; _module_preset=&#8221;default&#8221; global_colors_info=&#8221;{}&#8221;][et_pb_text _builder_version=&#8221;4.27.4&#8243; _module_preset=&#8221;default&#8221; text_font=&#8221;&#8211;et_global_body_font||||||||&#8221; text_text_color=&#8221;#B55840&#8243; text_font_size=&#8221;17px&#8221; text_line_height=&#8221;1.3em&#8221; background_enable_color=&#8221;off&#8221; background_layout=&#8221;dark&#8221; custom_margin=&#8221;||||false|false&#8221; custom_padding=&#8221;|19px||||&#8221; global_colors_info=&#8221;{}&#8221;]<\/p>\n<p><strong><span lang=\"ES\">Obtener el consentimiento del usuario al solicitar datos personales<\/span><\/strong><span lang=\"ES\"><o:p><\/o:p><\/span><\/p>\n<p><span lang=\"ES\">El consentimiento debe darse mediante una acci\u00f3n afirmativa clara que refleje una manifestaci\u00f3n de voluntad libre, espec\u00edfica, informada, e inequ\u00edvoca del interesado y debe otorgarse para todas las actividades de tratamiento realizadas. Cuando el tratamiento tenga varias finalidades, el consentimiento debe darse por cada una de ellas. Si debe darse a ra\u00edz de una solicitud por medios electr\u00f3nicos, esta debe ser clara, concisa y no perturbar innecesariamente el uso del servicio para el que se presta.<o:p><\/o:p><\/span><\/p>\n<p><span lang=\"ES\">Este consentimiento expreso puede trasladarse a un formulario web a trav\u00e9s de la implementaci\u00f3n de unas casillas de verificaci\u00f3n que est\u00e9n desmarcadas por defecto, esto es vital, para poder demostrar esta voluntad por parte de la persona para tratar sus datos personales.<o:p><\/o:p><\/span><\/p>\n<p><span lang=\"ES\">Las casillas de pre-marca, el silencio y la inacci\u00f3n del interesado no constituyen un tratamiento l\u00edcito de datos, por lo que estas f\u00f3rmulas no deben utilizarse.<o:p><\/o:p><\/span><\/p>\n<p><span lang=\"ES\">Hemos hablado en el apartado anterior de fines espec\u00edficos, es decir, cuando alguien proporciona sus datos es necesario detallar de forma clara, inequ\u00edvoca y transparente cu\u00e1les ser\u00e1n las condiciones de tratamiento de los datos.<o:p><\/o:p><\/span><\/p>\n<p><span lang=\"ES\">Al ser un consentimiento expl\u00edcito ligado a una finalidad espec\u00edfica es necesario demostrar que se ha recogido siguiendo estos preceptos y la carga probatoria recae sobre la organizaci\u00f3n que recibe y trata estos datos.<o:p><\/o:p><\/span><\/p>\n<p><span lang=\"ES\">Un ejemplo de c\u00f3mo poder demostrar que nos han autorizado es que cada alta genere un e-mail de respuesta autom\u00e1tica con los datos de la persona solicitada, su IP, acepto, fecha, hora exacta y navegador que utiliz\u00f3. Este e-mail debe guardarse como justificante en caso de conflicto con el usuario.<o:p><\/o:p><\/span><\/p>\n<p><span lang=\"ES\">\u00a0<o:p><\/o:p><\/span><\/p>\n<p><strong><span lang=\"ES\">Primera capa de informaci\u00f3n b\u00e1sica<\/span><\/strong><span lang=\"ES\"><o:p><\/o:p><\/span><\/p>\n<p><span lang=\"ES\">Con los requisitos y principios introducidos por el RGPD, respecto a la obligaci\u00f3n de informar, la simple remisi\u00f3n a la pol\u00edtica de privacidad desde los formularios web ya no es suficiente para cumplir con estas obligaciones.<o:p><\/o:p><\/span><\/p>\n<p><span lang=\"ES\">Las Autoridades de Protecci\u00f3n de Datos de la Uni\u00f3n Europea, recomiendan utilizar un modelo de informaci\u00f3n por capas, presentando una primera capa, con una informaci\u00f3n b\u00e1sica sobre protecci\u00f3n de datos y remitir desde esta, m\u00e1s sencilla e inmediata, a una segunda capa con la informaci\u00f3n restante.<o:p><\/o:p><\/span><\/p>\n<p><span lang=\"ES\">En la <a href=\"about:blank?trp-edit-translation=preview\" target=\"_self\">Gu\u00eda para el Cumplimiento del Deber de Informar<\/a>, de la AEPD establece que esta primera capa informativa debe reunir los siguientes requisitos:<o:p><\/o:p><\/span><\/p>\n<p><span lang=\"ES\">\u2013 La informaci\u00f3n debe ponerse a disposici\u00f3n de los interesados en el momento en que se soliciten los datos, previamente a la recogida o registro.<o:p><\/o:p><\/span><\/p>\n<p><span lang=\"ES\">\u2013 Esta obligaci\u00f3n debe cumplirse sin necesidad de requerimiento alguno, y el responsable deber\u00e1 poder acreditar con posterioridad que la obligaci\u00f3n de informar ha sido satisfecha.<o:p><\/o:p><\/span><\/p>\n<p><span lang=\"ES\">\u2013 Debe estar claramente identificada con un t\u00edtulo tal como \u201cInformaci\u00f3n b\u00e1sica sobre protecci\u00f3n de datos\u201d.<o:p><\/o:p><\/span><\/p>\n<p><span lang=\"ES\">\u2013 El responsable del tratamiento debe garantizar que esta informaci\u00f3n quede \u201cdentro del campo de visi\u00f3n\u201d del interesado.<o:p><\/o:p><\/span><\/p>\n<p><span lang=\"ES\">\u2013 Los interesados deben recibir una copia donde se incluya esta informaci\u00f3n b\u00e1sica.<o:p><\/o:p><\/span><\/p>\n<p><span lang=\"ES\">La LOPDGDD en su art\u00edculo 72 tipifica como INFRACCI\u00d3N MUY GRAVE la omisi\u00f3n del deber de informar al afectado sobre el tratamiento de sus datos personales conforme a lo dispuesto en los art\u00edculos 13 y 14 del Reglamento (UE) 2016\/ 679 (RGPD).<o:p><\/o:p><\/span><\/p>\n<p>[\/et_pb_text][\/et_pb_column][\/et_pb_row][\/et_pb_section]<\/p>","protected":false},"excerpt":{"rendered":"<p>Cosillum, Entrenament ConscientObtenir el consentiment de l\u2019usuari en sol\u00b7licitar dades personals El consentiment ha de donar-se mitjan\u00e7ant una acci\u00f3 afirmativa clara que reflecteixi una manifestaci\u00f3 de voluntat lliure, espec\u00edfica, informada, i inequ\u00edvoca de l\u2019interessat i ha d\u2019atorgar-se per a totes les activitats de tractament realitzades. Quan el tractament tingui diverses finalitats, el consentiment ha de [&hellip;]<\/p>","protected":false},"author":4,"featured_media":0,"parent":0,"menu_order":0,"comment_status":"closed","ping_status":"closed","template":"","meta":{"_et_pb_use_builder":"on","_et_pb_old_content":"<!-- wp:divi\/placeholder \/-->","_et_gb_content_width":"","footnotes":""},"class_list":["post-398","page","type-page","status-publish","hentry"],"yoast_head":"<!-- This site is optimized with the Yoast SEO plugin v25.3.1 - https:\/\/yoast.com\/wordpress\/plugins\/seo\/ -->\n<title>Accessibilitat - Cos i Llum<\/title>\n<meta name=\"description\" content=\"Obtenir el consentiment de l\u2019usuari en sol\u00b7licitar dades personals. El consentiment ha de donar-se mitjan\u00e7ant una acci\u00f3 afirmativa clara...\" \/>\n<meta name=\"robots\" content=\"index, follow, max-snippet:-1, max-image-preview:large, max-video-preview:-1\" \/>\n<link rel=\"canonical\" href=\"https:\/\/www.cosillum.com\/es\/accessibilitat\/\" \/>\n<meta property=\"og:locale\" content=\"es_ES\" \/>\n<meta property=\"og:type\" content=\"article\" \/>\n<meta property=\"og:title\" content=\"Accessibilitat - Cos i Llum\" \/>\n<meta property=\"og:description\" content=\"Obtenir el consentiment de l\u2019usuari en sol\u00b7licitar dades personals. El consentiment ha de donar-se mitjan\u00e7ant una acci\u00f3 afirmativa clara...\" \/>\n<meta property=\"og:url\" content=\"https:\/\/www.cosillum.com\/es\/accessibilitat\/\" \/>\n<meta property=\"og:site_name\" content=\"Cos i Llum\" \/>\n<meta property=\"article:modified_time\" content=\"2025-07-09T05:26:03+00:00\" \/>\n<meta name=\"twitter:card\" content=\"summary_large_image\" \/>\n<meta name=\"twitter:label1\" content=\"Tiempo de lectura\" \/>\n\t<meta name=\"twitter:data1\" content=\"3 minutos\" \/>\n<script type=\"application\/ld+json\" class=\"yoast-schema-graph\">{\"@context\":\"https:\/\/schema.org\",\"@graph\":[{\"@type\":\"WebPage\",\"@id\":\"https:\/\/www.cosillum.com\/accessibilitat\/\",\"url\":\"https:\/\/www.cosillum.com\/accessibilitat\/\",\"name\":\"Accessibilitat - Cos i Llum\",\"isPartOf\":{\"@id\":\"https:\/\/www.cosillum.com\/#website\"},\"datePublished\":\"2025-05-23T08:23:35+00:00\",\"dateModified\":\"2025-07-09T05:26:03+00:00\",\"description\":\"Obtenir el consentiment de l\u2019usuari en sol\u00b7licitar dades personals. El consentiment ha de donar-se mitjan\u00e7ant una acci\u00f3 afirmativa clara...\",\"breadcrumb\":{\"@id\":\"https:\/\/www.cosillum.com\/accessibilitat\/#breadcrumb\"},\"inLanguage\":\"es\",\"potentialAction\":[{\"@type\":\"ReadAction\",\"target\":[\"https:\/\/www.cosillum.com\/accessibilitat\/\"]}]},{\"@type\":\"BreadcrumbList\",\"@id\":\"https:\/\/www.cosillum.com\/accessibilitat\/#breadcrumb\",\"itemListElement\":[{\"@type\":\"ListItem\",\"position\":1,\"name\":\"Inici\",\"item\":\"https:\/\/www.cosillum.com\/\"},{\"@type\":\"ListItem\",\"position\":2,\"name\":\"Accessibilitat\"}]},{\"@type\":\"WebSite\",\"@id\":\"https:\/\/www.cosillum.com\/#website\",\"url\":\"https:\/\/www.cosillum.com\/\",\"name\":\"Cos i Llum\",\"description\":\"Entrenament Conscient\",\"potentialAction\":[{\"@type\":\"SearchAction\",\"target\":{\"@type\":\"EntryPoint\",\"urlTemplate\":\"https:\/\/www.cosillum.com\/?s={search_term_string}\"},\"query-input\":{\"@type\":\"PropertyValueSpecification\",\"valueRequired\":true,\"valueName\":\"search_term_string\"}}],\"inLanguage\":\"es\"}]}<\/script>\n<!-- \/ Yoast SEO plugin. -->","yoast_head_json":{"title":"Accessibilitat - Cos i Llum","description":"Obtenir el consentiment de l\u2019usuari en sol\u00b7licitar dades personals. El consentiment ha de donar-se mitjan\u00e7ant una acci\u00f3 afirmativa clara...","robots":{"index":"index","follow":"follow","max-snippet":"max-snippet:-1","max-image-preview":"max-image-preview:large","max-video-preview":"max-video-preview:-1"},"canonical":"https:\/\/www.cosillum.com\/es\/accessibilitat\/","og_locale":"es_ES","og_type":"article","og_title":"Accessibilitat - Cos i Llum","og_description":"Obtenir el consentiment de l\u2019usuari en sol\u00b7licitar dades personals. El consentiment ha de donar-se mitjan\u00e7ant una acci\u00f3 afirmativa clara...","og_url":"https:\/\/www.cosillum.com\/es\/accessibilitat\/","og_site_name":"Cos i Llum","article_modified_time":"2025-07-09T05:26:03+00:00","twitter_card":"summary_large_image","twitter_misc":{"Tiempo de lectura":"3 minutos"},"schema":{"@context":"https:\/\/schema.org","@graph":[{"@type":"WebPage","@id":"https:\/\/www.cosillum.com\/accessibilitat\/","url":"https:\/\/www.cosillum.com\/accessibilitat\/","name":"Accessibilitat - Cos i Llum","isPartOf":{"@id":"https:\/\/www.cosillum.com\/#website"},"datePublished":"2025-05-23T08:23:35+00:00","dateModified":"2025-07-09T05:26:03+00:00","description":"Obtenir el consentiment de l\u2019usuari en sol\u00b7licitar dades personals. El consentiment ha de donar-se mitjan\u00e7ant una acci\u00f3 afirmativa clara...","breadcrumb":{"@id":"https:\/\/www.cosillum.com\/accessibilitat\/#breadcrumb"},"inLanguage":"es","potentialAction":[{"@type":"ReadAction","target":["https:\/\/www.cosillum.com\/accessibilitat\/"]}]},{"@type":"BreadcrumbList","@id":"https:\/\/www.cosillum.com\/accessibilitat\/#breadcrumb","itemListElement":[{"@type":"ListItem","position":1,"name":"Inici","item":"https:\/\/www.cosillum.com\/"},{"@type":"ListItem","position":2,"name":"Accessibilitat"}]},{"@type":"WebSite","@id":"https:\/\/www.cosillum.com\/#website","url":"https:\/\/www.cosillum.com\/","name":"Cos i Llum","description":"Entrenament Conscient","potentialAction":[{"@type":"SearchAction","target":{"@type":"EntryPoint","urlTemplate":"https:\/\/www.cosillum.com\/?s={search_term_string}"},"query-input":{"@type":"PropertyValueSpecification","valueRequired":true,"valueName":"search_term_string"}}],"inLanguage":"es"}]}},"_links":{"self":[{"href":"https:\/\/www.cosillum.com\/es\/wp-json\/wp\/v2\/pages\/398","targetHints":{"allow":["GET"]}}],"collection":[{"href":"https:\/\/www.cosillum.com\/es\/wp-json\/wp\/v2\/pages"}],"about":[{"href":"https:\/\/www.cosillum.com\/es\/wp-json\/wp\/v2\/types\/page"}],"author":[{"embeddable":true,"href":"https:\/\/www.cosillum.com\/es\/wp-json\/wp\/v2\/users\/4"}],"replies":[{"embeddable":true,"href":"https:\/\/www.cosillum.com\/es\/wp-json\/wp\/v2\/comments?post=398"}],"version-history":[{"count":11,"href":"https:\/\/www.cosillum.com\/es\/wp-json\/wp\/v2\/pages\/398\/revisions"}],"predecessor-version":[{"id":1542,"href":"https:\/\/www.cosillum.com\/es\/wp-json\/wp\/v2\/pages\/398\/revisions\/1542"}],"wp:attachment":[{"href":"https:\/\/www.cosillum.com\/es\/wp-json\/wp\/v2\/media?parent=398"}],"curies":[{"name":"wp","href":"https:\/\/api.w.org\/{rel}","templated":true}]}}