{"id":398,"date":"2025-05-23T10:23:35","date_gmt":"2025-05-23T08:23:35","guid":{"rendered":"https:\/\/www.cosillum.com\/?page_id=398"},"modified":"2025-07-09T07:26:03","modified_gmt":"2025-07-09T05:26:03","slug":"accessibilitat","status":"publish","type":"page","link":"https:\/\/www.cosillum.com\/en\/accessibilitat\/","title":{"rendered":"Accessibility"},"content":{"rendered":"<p>[et_pb_section fb_built=&#8221;1&#8243; module_id=&#8221;entrenaments&#8221; module_class=&#8221;entrenaments&#8221; _builder_version=&#8221;4.27.4&#8243; _module_preset=&#8221;default&#8221; background_color=&#8221;#D4AF8C&#8221; background_enable_image=&#8221;off&#8221; custom_padding=&#8221;90px||90px||true|&#8221; top_divider_color=&#8221;#ede4dd&#8221; bottom_divider_style=&#8221;ramp2&#8243; bottom_divider_color=&#8221;#eae0da&#8221; hover_enabled=&#8221;0&#8243; global_colors_info=&#8221;{}&#8221; sticky_enabled=&#8221;0&#8243;][et_pb_row _builder_version=&#8221;4.27.4&#8243; _module_preset=&#8221;default&#8221; width=&#8221;100%&#8221; max_width=&#8221;1200px&#8221; module_alignment=&#8221;center&#8221; global_colors_info=&#8221;{}&#8221;][et_pb_column type=&#8221;4_4&#8243; _builder_version=&#8221;4.27.4&#8243; _module_preset=&#8221;default&#8221; global_colors_info=&#8221;{}&#8221;][et_pb_text _builder_version=&#8221;4.27.4&#8243; _module_preset=&#8221;default&#8221; text_font=&#8221;&#8211;et_global_body_font||||||||&#8221; text_text_color=&#8221;#FFFFFF&#8221; text_font_size=&#8221;19px&#8221; text_line_height=&#8221;1.3em&#8221; background_enable_color=&#8221;off&#8221; text_orientation=&#8221;center&#8221; background_layout=&#8221;dark&#8221; custom_margin=&#8221;||9px||false|false&#8221; custom_padding=&#8221;|19px||||&#8221; global_colors_info=&#8221;{}&#8221;]<\/p>\n<p>Cosillum, Entrenament Conscient<\/p>\n<p>[\/et_pb_text][et_pb_heading title=&#8221;@ET-DC@eyJkeW5hbWljIjp0cnVlLCJjb250ZW50IjoicG9zdF90aXRsZSIsInNldHRpbmdzIjp7ImJlZm9yZSI6IiIsImFmdGVyIjoiIn19@&#8221; _builder_version=&#8221;4.27.4&#8243; _dynamic_attributes=&#8221;title&#8221; _module_preset=&#8221;default&#8221; title_font=&#8221;Butler Medium||||||||&#8221; title_text_align=&#8221;center&#8221; title_text_color=&#8221;#FFFFFF&#8221; title_font_size=&#8221;40px&#8221; title_line_height=&#8221;1.1em&#8221; custom_margin=&#8221;-1px||7px|||&#8221; custom_padding=&#8221;|2px|1px|||&#8221; global_colors_info=&#8221;{}&#8221;][\/et_pb_heading][\/et_pb_column][\/et_pb_row][\/et_pb_section][et_pb_section fb_built=&#8221;1&#8243; _builder_version=&#8221;4.27.4&#8243; _module_preset=&#8221;default&#8221; background_color=&#8221;#eae0da&#8221; custom_padding=&#8221;|25px||25px|false|true&#8221; hover_enabled=&#8221;0&#8243; global_colors_info=&#8221;{}&#8221; sticky_enabled=&#8221;0&#8243;][et_pb_row _builder_version=&#8221;4.27.4&#8243; _module_preset=&#8221;default&#8221; width=&#8221;100%&#8221; max_width=&#8221;1200px&#8221; global_colors_info=&#8221;{}&#8221;][et_pb_column type=&#8221;4_4&#8243; _builder_version=&#8221;4.27.4&#8243; _module_preset=&#8221;default&#8221; global_colors_info=&#8221;{}&#8221;][et_pb_text _builder_version=&#8221;4.27.4&#8243; _module_preset=&#8221;default&#8221; text_font=&#8221;&#8211;et_global_body_font||||||||&#8221; text_text_color=&#8221;#B55840&#8243; text_font_size=&#8221;17px&#8221; text_line_height=&#8221;1.3em&#8221; background_enable_color=&#8221;off&#8221; background_layout=&#8221;dark&#8221; custom_margin=&#8221;||||false|false&#8221; custom_padding=&#8221;|19px||||&#8221; global_colors_info=&#8221;{}&#8221;]<\/p>\n<p><strong><span lang=\"ES\">Obtain the user's consent to request personal data<\/span><\/strong><span lang=\"ES\"><o:p><\/o:p><\/span><\/p>\n<p><span lang=\"ES\">Consent must be given by means of a clear affirmative action that reflects a free, specific, informed, and unequivocal manifestation of the interested party's free will and must be given for all treatment activities carried out. When the treatment has several purposes, the consent must be given for each of them. If it is to be given on the basis of an electronic request, it must be clear, concise and not unnecessarily interfere with the use of the service for which it is provided.<o:p><\/o:p><\/span><\/p>\n<p><span lang=\"ES\">This express consent can be transferred to a web form through the implementation of check boxes that are unchecked by default, this is vital, in order to demonstrate this willingness on the part of the person to treat their personal data.<o:p><\/o:p><\/span><\/p>\n<p><span lang=\"ES\">Pre-branding, silence and inactivity of the interested party do not constitute a lawful processing of data, so that these formulas should not be used.<o:p><\/o:p><\/span><\/p>\n<p><span lang=\"ES\">We have talked in the previous section about specific purposes, that is to say, when someone provides their data it is necessary to detail in a clear, unequivocal and transparent way what will be the conditions of data processing.<o:p><\/o:p><\/span><\/p>\n<p><span lang=\"ES\">As it is an express consent linked to a specific purpose, it is necessary to demonstrate that it has been collected following these precepts and the burden of proof falls on the organization that collects and processes this data.<o:p><\/o:p><\/span><\/p>\n<p><span lang=\"ES\">An example of how we can demonstrate that we have been authorized is that each registration generates an automatic response e-mail with the data of the person requested, their IP, acceptance, date, exact time and browser used. This e-mail must be kept as a justification in case of conflict with the user.<o:p><\/o:p><\/span><\/p>\n<p><span lang=\"ES\">\u00a0<o:p><\/o:p><\/span><\/p>\n<p><strong><span lang=\"ES\">First layer of basic information<\/span><\/strong><span lang=\"ES\"><o:p><\/o:p><\/span><\/p>\n<p><span lang=\"ES\">With the requirements and principles introduced by the RGPD regarding the obligation to inform, the simple reference to the privacy policy from the web forms is no longer sufficient to comply with these obligations.<o:p><\/o:p><\/span><\/p>\n<p><span lang=\"ES\">The Data Protection Authorities of the European Union recommend using a layered information model, presenting a first layer with basic information on data protection, and from this, simpler and more immediate, to a second layer with the remaining information.<o:p><\/o:p><\/span><\/p>\n<p><span lang=\"ES\">The <a href=\"about:blank?trp-edit-translation=preview\" target=\"_self\">AEPD's Guide<\/a>for the fulfillment of the Duty to Inform establishes that this first informative layer must meet the following requirements:<o:p><\/o:p><\/span><\/p>\n<p><span lang=\"ES\">\u2013 The information must be made available to interested parties at the time the data is requested, prior to collection or registration.<o:p><\/o:p><\/span><\/p>\n<p><span lang=\"ES\">\u2013 This obligation must be complied with without the need for any requirement, and the responsible party must be able to subsequently prove that the reporting obligation has been fulfilled.<o:p><\/o:p><\/span><\/p>\n<p><span lang=\"ES\">\u2013 It must be clearly identified with a title such as \u201cBasic information on data protection\u201d.<o:p><\/o:p><\/span><\/p>\n<p><span lang=\"ES\">\u2013 The person responsible for the treatment must ensure that this information remains \"within the field of vision\" of the interested.<o:p><\/o:p><\/span><\/p>\n<p><span lang=\"ES\">\u2013 Interested parties must receive a copy of this basic information.<o:p><\/o:p><\/span><\/p>\n<p><span lang=\"ES\">The LOPDGDD in its article 72 typifies as a VERY GREAT INFRACTION the omission of the duty to inform the affected party about the processing of their personal data in accordance with the provisions of articles 13 and 14 of Regulation (EU) 2016\/679 (RGPD).<o:p><\/o:p><\/span><\/p>\n<p>[\/et_pb_text][\/et_pb_column][\/et_pb_row][\/et_pb_section]<\/p>","protected":false},"excerpt":{"rendered":"<p>Cosillum, Entrenament ConscientObtenir el consentiment de l\u2019usuari en sol\u00b7licitar dades personals El consentiment ha de donar-se mitjan\u00e7ant una acci\u00f3 afirmativa clara que reflecteixi una manifestaci\u00f3 de voluntat lliure, espec\u00edfica, informada, i inequ\u00edvoca de l\u2019interessat i ha d\u2019atorgar-se per a totes les activitats de tractament realitzades. Quan el tractament tingui diverses finalitats, el consentiment ha de [&hellip;]<\/p>","protected":false},"author":4,"featured_media":0,"parent":0,"menu_order":0,"comment_status":"closed","ping_status":"closed","template":"","meta":{"_et_pb_use_builder":"on","_et_pb_old_content":"<!-- wp:divi\/placeholder \/-->","_et_gb_content_width":"","footnotes":""},"class_list":["post-398","page","type-page","status-publish","hentry"],"yoast_head":"<!-- This site is optimized with the Yoast SEO plugin v25.3.1 - https:\/\/yoast.com\/wordpress\/plugins\/seo\/ -->\n<title>Accessibilitat - Cos i Llum<\/title>\n<meta name=\"description\" content=\"Obtenir el consentiment de l\u2019usuari en sol\u00b7licitar dades personals. El consentiment ha de donar-se mitjan\u00e7ant una acci\u00f3 afirmativa clara...\" \/>\n<meta name=\"robots\" content=\"index, follow, max-snippet:-1, max-image-preview:large, max-video-preview:-1\" \/>\n<link rel=\"canonical\" href=\"https:\/\/www.cosillum.com\/en\/accessibilitat\/\" \/>\n<meta property=\"og:locale\" content=\"en_GB\" \/>\n<meta property=\"og:type\" content=\"article\" \/>\n<meta property=\"og:title\" content=\"Accessibilitat - Cos i Llum\" \/>\n<meta property=\"og:description\" content=\"Obtenir el consentiment de l\u2019usuari en sol\u00b7licitar dades personals. El consentiment ha de donar-se mitjan\u00e7ant una acci\u00f3 afirmativa clara...\" \/>\n<meta property=\"og:url\" content=\"https:\/\/www.cosillum.com\/en\/accessibilitat\/\" \/>\n<meta property=\"og:site_name\" content=\"Cos i Llum\" \/>\n<meta property=\"article:modified_time\" content=\"2025-07-09T05:26:03+00:00\" \/>\n<meta name=\"twitter:card\" content=\"summary_large_image\" \/>\n<meta name=\"twitter:label1\" content=\"Estimated reading time\" \/>\n\t<meta name=\"twitter:data1\" content=\"3 minutes\" \/>\n<script type=\"application\/ld+json\" class=\"yoast-schema-graph\">{\"@context\":\"https:\/\/schema.org\",\"@graph\":[{\"@type\":\"WebPage\",\"@id\":\"https:\/\/www.cosillum.com\/accessibilitat\/\",\"url\":\"https:\/\/www.cosillum.com\/accessibilitat\/\",\"name\":\"Accessibilitat - Cos i Llum\",\"isPartOf\":{\"@id\":\"https:\/\/www.cosillum.com\/#website\"},\"datePublished\":\"2025-05-23T08:23:35+00:00\",\"dateModified\":\"2025-07-09T05:26:03+00:00\",\"description\":\"Obtenir el consentiment de l\u2019usuari en sol\u00b7licitar dades personals. El consentiment ha de donar-se mitjan\u00e7ant una acci\u00f3 afirmativa clara...\",\"breadcrumb\":{\"@id\":\"https:\/\/www.cosillum.com\/accessibilitat\/#breadcrumb\"},\"inLanguage\":\"en-GB\",\"potentialAction\":[{\"@type\":\"ReadAction\",\"target\":[\"https:\/\/www.cosillum.com\/accessibilitat\/\"]}]},{\"@type\":\"BreadcrumbList\",\"@id\":\"https:\/\/www.cosillum.com\/accessibilitat\/#breadcrumb\",\"itemListElement\":[{\"@type\":\"ListItem\",\"position\":1,\"name\":\"Inici\",\"item\":\"https:\/\/www.cosillum.com\/\"},{\"@type\":\"ListItem\",\"position\":2,\"name\":\"Accessibilitat\"}]},{\"@type\":\"WebSite\",\"@id\":\"https:\/\/www.cosillum.com\/#website\",\"url\":\"https:\/\/www.cosillum.com\/\",\"name\":\"Cos i Llum\",\"description\":\"Entrenament Conscient\",\"potentialAction\":[{\"@type\":\"SearchAction\",\"target\":{\"@type\":\"EntryPoint\",\"urlTemplate\":\"https:\/\/www.cosillum.com\/?s={search_term_string}\"},\"query-input\":{\"@type\":\"PropertyValueSpecification\",\"valueRequired\":true,\"valueName\":\"search_term_string\"}}],\"inLanguage\":\"en-GB\"}]}<\/script>\n<!-- \/ Yoast SEO plugin. -->","yoast_head_json":{"title":"Accessibilitat - Cos i Llum","description":"Obtenir el consentiment de l\u2019usuari en sol\u00b7licitar dades personals. El consentiment ha de donar-se mitjan\u00e7ant una acci\u00f3 afirmativa clara...","robots":{"index":"index","follow":"follow","max-snippet":"max-snippet:-1","max-image-preview":"max-image-preview:large","max-video-preview":"max-video-preview:-1"},"canonical":"https:\/\/www.cosillum.com\/en\/accessibilitat\/","og_locale":"en_GB","og_type":"article","og_title":"Accessibilitat - Cos i Llum","og_description":"Obtenir el consentiment de l\u2019usuari en sol\u00b7licitar dades personals. El consentiment ha de donar-se mitjan\u00e7ant una acci\u00f3 afirmativa clara...","og_url":"https:\/\/www.cosillum.com\/en\/accessibilitat\/","og_site_name":"Cos i Llum","article_modified_time":"2025-07-09T05:26:03+00:00","twitter_card":"summary_large_image","twitter_misc":{"Estimated reading time":"3 minutes"},"schema":{"@context":"https:\/\/schema.org","@graph":[{"@type":"WebPage","@id":"https:\/\/www.cosillum.com\/accessibilitat\/","url":"https:\/\/www.cosillum.com\/accessibilitat\/","name":"Accessibilitat - Cos i Llum","isPartOf":{"@id":"https:\/\/www.cosillum.com\/#website"},"datePublished":"2025-05-23T08:23:35+00:00","dateModified":"2025-07-09T05:26:03+00:00","description":"Obtenir el consentiment de l\u2019usuari en sol\u00b7licitar dades personals. El consentiment ha de donar-se mitjan\u00e7ant una acci\u00f3 afirmativa clara...","breadcrumb":{"@id":"https:\/\/www.cosillum.com\/accessibilitat\/#breadcrumb"},"inLanguage":"en-GB","potentialAction":[{"@type":"ReadAction","target":["https:\/\/www.cosillum.com\/accessibilitat\/"]}]},{"@type":"BreadcrumbList","@id":"https:\/\/www.cosillum.com\/accessibilitat\/#breadcrumb","itemListElement":[{"@type":"ListItem","position":1,"name":"Inici","item":"https:\/\/www.cosillum.com\/"},{"@type":"ListItem","position":2,"name":"Accessibilitat"}]},{"@type":"WebSite","@id":"https:\/\/www.cosillum.com\/#website","url":"https:\/\/www.cosillum.com\/","name":"Cos i Llum","description":"Entrenament Conscient","potentialAction":[{"@type":"SearchAction","target":{"@type":"EntryPoint","urlTemplate":"https:\/\/www.cosillum.com\/?s={search_term_string}"},"query-input":{"@type":"PropertyValueSpecification","valueRequired":true,"valueName":"search_term_string"}}],"inLanguage":"en-GB"}]}},"_links":{"self":[{"href":"https:\/\/www.cosillum.com\/en\/wp-json\/wp\/v2\/pages\/398","targetHints":{"allow":["GET"]}}],"collection":[{"href":"https:\/\/www.cosillum.com\/en\/wp-json\/wp\/v2\/pages"}],"about":[{"href":"https:\/\/www.cosillum.com\/en\/wp-json\/wp\/v2\/types\/page"}],"author":[{"embeddable":true,"href":"https:\/\/www.cosillum.com\/en\/wp-json\/wp\/v2\/users\/4"}],"replies":[{"embeddable":true,"href":"https:\/\/www.cosillum.com\/en\/wp-json\/wp\/v2\/comments?post=398"}],"version-history":[{"count":11,"href":"https:\/\/www.cosillum.com\/en\/wp-json\/wp\/v2\/pages\/398\/revisions"}],"predecessor-version":[{"id":1542,"href":"https:\/\/www.cosillum.com\/en\/wp-json\/wp\/v2\/pages\/398\/revisions\/1542"}],"wp:attachment":[{"href":"https:\/\/www.cosillum.com\/en\/wp-json\/wp\/v2\/media?parent=398"}],"curies":[{"name":"wp","href":"https:\/\/api.w.org\/{rel}","templated":true}]}}